{"id":246,"date":"2024-09-25T18:31:03","date_gmt":"2024-09-25T18:31:03","guid":{"rendered":"https:\/\/www.miyatoptan.com\/?post_type=product&#038;p=246"},"modified":"2024-09-25T18:31:03","modified_gmt":"2024-09-25T18:31:03","slug":"nk-dalgic-ceket-tayt-takim-beyaz-6li-fiyati","status":"publish","type":"product","link":"https:\/\/www.miyatoptan.com\/?product=nk-dalgic-ceket-tayt-takim-beyaz-6li-fiyati","title":{"rendered":"Nk Dalg\u0131\u00e7 Ceket Tayt Tak\u0131m Beyaz (6&#8217;l\u0131 Fiyat\u0131)"},"content":{"rendered":"<p>Dalg\u0131\u00e7 tak\u0131m, spor yaparken veya g\u00fcnl\u00fck kullan\u0131m i\u00e7in konfor ve tarz sunan bir \u00fcst giyim se\u00e7ene\u011fidir.<\/p>\n<p>\u00dcr\u00fcn Fiyat\u0131 350<\/p>\n<p>Paketler 6<\/p>\n<p>Bedenler\u00a0 S 2-M 2-L 1-XL 1<\/p>\n<p>Kargo \u00dccreti Al\u0131c\u0131ya Ait<\/p>\n","protected":false},"excerpt":{"rendered":"<p>Dalg\u0131\u00e7 tak\u0131m, spor yaparken veya g\u00fcnl\u00fck kullan\u0131m i\u00e7in konfor ve tarz sunan bir \u00fcst giyim se\u00e7ene\u011fidir. \u00dcr\u00fcn Fiyat\u0131 350 Paketler 6 Bedenler\u00a0 S 2-M 2-L 1-XL 1 Kargo \u00dccreti Al\u0131c\u0131ya Ait<\/p>\n","protected":false},"featured_media":247,"comment_status":"open","ping_status":"closed","template":"","meta":[],"product_cat":[15,30],"product_tag":[],"class_list":{"0":"post-246","1":"product","2":"type-product","3":"status-publish","4":"has-post-thumbnail","6":"product_cat-genel","7":"product_cat-takim","9":"first","10":"outofstock","11":"shipping-taxable","12":"purchasable","13":"product-type-simple"},"_links":{"self":[{"href":"https:\/\/www.miyatoptan.com\/index.php?rest_route=\/wp\/v2\/product\/246","targetHints":{"allow":["GET"]}}],"collection":[{"href":"https:\/\/www.miyatoptan.com\/index.php?rest_route=\/wp\/v2\/product"}],"about":[{"href":"https:\/\/www.miyatoptan.com\/index.php?rest_route=\/wp\/v2\/types\/product"}],"replies":[{"embeddable":true,"href":"https:\/\/www.miyatoptan.com\/index.php?rest_route=%2Fwp%2Fv2%2Fcomments&post=246"}],"wp:featuredmedia":[{"embeddable":true,"href":"https:\/\/www.miyatoptan.com\/index.php?rest_route=\/wp\/v2\/media\/247"}],"wp:attachment":[{"href":"https:\/\/www.miyatoptan.com\/index.php?rest_route=%2Fwp%2Fv2%2Fmedia&parent=246"}],"wp:term":[{"taxonomy":"product_cat","embeddable":true,"href":"https:\/\/www.miyatoptan.com\/index.php?rest_route=%2Fwp%2Fv2%2Fproduct_cat&post=246"},{"taxonomy":"product_tag","embeddable":true,"href":"https:\/\/www.miyatoptan.com\/index.php?rest_route=%2Fwp%2Fv2%2Fproduct_tag&post=246"}],"curies":[{"name":"wp","href":"https:\/\/api.w.org\/{rel}","templated":true}]}}