{"id":148,"date":"2023-12-01T23:07:24","date_gmt":"2023-12-01T23:07:24","guid":{"rendered":"https:\/\/www.miyatoptan.com\/?post_type=product&#038;p=148"},"modified":"2025-01-11T02:31:24","modified_gmt":"2025-01-11T02:31:24","slug":"sari-nk-tenis-corap","status":"publish","type":"product","link":"https:\/\/www.miyatoptan.com\/?product=sari-nk-tenis-corap","title":{"rendered":"Nk Tenis Sar\u0131 \u00c7orap"},"content":{"rendered":"<p>NK Tenis \u00c7orab\u0131, toptan sat\u0131\u015fta! Paket i\u00e7inde 12 adetle sadece bir t\u0131k \u00f6teye. Kaliteli ve konforlu tenis \u00e7oraplar\u0131yla sat\u0131\u015flar\u0131n\u0131z\u0131 zirveye ta\u015f\u0131y\u0131n!<\/p>\n<p>Paketler 12<\/p>\n<p>Kargo \u00dccreti Al\u0131c\u0131ya Ait<\/p>\n","protected":false},"excerpt":{"rendered":"<p>NK Tenis \u00c7orab\u0131, toptan sat\u0131\u015fta! Paket i\u00e7inde 12 adetle sadece bir t\u0131k \u00f6teye. Kaliteli ve konforlu tenis \u00e7oraplar\u0131yla sat\u0131\u015flar\u0131n\u0131z\u0131 zirveye ta\u015f\u0131y\u0131n! Paketler 12 Kargo \u00dccreti Al\u0131c\u0131ya Ait<\/p>\n","protected":false},"featured_media":149,"comment_status":"open","ping_status":"closed","template":"","meta":[],"product_cat":[15,29],"product_tag":[],"class_list":{"0":"post-148","1":"product","2":"type-product","3":"status-publish","4":"has-post-thumbnail","6":"product_cat-genel","7":"product_cat-corap","9":"first","10":"instock","11":"shipping-taxable","12":"purchasable","13":"product-type-simple"},"_links":{"self":[{"href":"https:\/\/www.miyatoptan.com\/index.php?rest_route=\/wp\/v2\/product\/148","targetHints":{"allow":["GET"]}}],"collection":[{"href":"https:\/\/www.miyatoptan.com\/index.php?rest_route=\/wp\/v2\/product"}],"about":[{"href":"https:\/\/www.miyatoptan.com\/index.php?rest_route=\/wp\/v2\/types\/product"}],"replies":[{"embeddable":true,"href":"https:\/\/www.miyatoptan.com\/index.php?rest_route=%2Fwp%2Fv2%2Fcomments&post=148"}],"wp:featuredmedia":[{"embeddable":true,"href":"https:\/\/www.miyatoptan.com\/index.php?rest_route=\/wp\/v2\/media\/149"}],"wp:attachment":[{"href":"https:\/\/www.miyatoptan.com\/index.php?rest_route=%2Fwp%2Fv2%2Fmedia&parent=148"}],"wp:term":[{"taxonomy":"product_cat","embeddable":true,"href":"https:\/\/www.miyatoptan.com\/index.php?rest_route=%2Fwp%2Fv2%2Fproduct_cat&post=148"},{"taxonomy":"product_tag","embeddable":true,"href":"https:\/\/www.miyatoptan.com\/index.php?rest_route=%2Fwp%2Fv2%2Fproduct_tag&post=148"}],"curies":[{"name":"wp","href":"https:\/\/api.w.org\/{rel}","templated":true}]}}